{"id":524,"date":"2019-09-28T20:23:29","date_gmt":"2019-09-28T23:23:29","guid":{"rendered":"https:\/\/www.bybrand.io\/docs\/?page_id=524"},"modified":"2022-04-18T10:01:02","modified_gmt":"2022-04-18T13:01:02","slug":"abrir-ticket","status":"publish","type":"page","link":"https:\/\/www.bybrand.io\/docs\/pt-br\/abrir-ticket\/","title":{"rendered":"Abrir pedido de ajuda por e-mail"},"content":{"rendered":"\n<p>Se precisar de mais ajuda, n\u00e3o hesite em enviar uma solicita\u00e7\u00e3o de suporte \u00e0 nossa equipe de suporte.<\/p>\n\n\n\n<h3 class=\"has-text-align-center wp-block-heading\">E-mail: help@bybrand.io<\/h3>\n\n\n\n<p class=\"wp-block-ht-blocks-messages wp-block-hb-message wp-block-hb-message--withicon\">Escreva usando seu e-mail de <strong>administrador<\/strong>, o mesmo que usa para fazer login na sua \u00e1rea particular do Bybrand.<\/p>\n\n\n\n<p class=\"has-text-align-center\">Geralmente, respondemos em at\u00e9 4 horas.<\/p>\n","protected":false},"excerpt":{"rendered":"<p>Se precisar de mais ajuda, n\u00e3o hesite em enviar uma solicita\u00e7\u00e3o de suporte \u00e0 nossa equipe de suporte. E-mail: help@bybrand.io Geralmente, respondemos em at\u00e9 4 horas.<\/p>\n","protected":false},"author":1,"featured_media":0,"parent":0,"menu_order":0,"comment_status":"closed","ping_status":"closed","template":"","meta":{"footnotes":""},"class_list":["post-524","page","type-page","status-publish","hentry"],"yoast_head":"<!-- This site is optimized with the Yoast SEO plugin v27.0 - https:\/\/yoast.com\/product\/yoast-seo-wordpress\/ -->\n<title>Abrir pedido de ajuda por e-mail - Bybrand<\/title>\n<meta name=\"robots\" content=\"noindex, follow\" \/>\n<meta property=\"og:locale\" content=\"pt_BR\" \/>\n<meta property=\"og:type\" content=\"article\" \/>\n<meta property=\"og:title\" content=\"Abrir pedido de ajuda por e-mail - Bybrand\" \/>\n<meta property=\"og:description\" content=\"Se precisar de mais ajuda, n\u00e3o hesite em enviar uma solicita\u00e7\u00e3o de suporte \u00e0 nossa equipe de suporte. E-mail: help@bybrand.io Geralmente, respondemos em at\u00e9 4 horas.\" \/>\n<meta property=\"og:url\" content=\"https:\/\/www.bybrand.io\/docs\/pt-br\/abrir-ticket\/\" \/>\n<meta property=\"og:site_name\" content=\"Bybrand\" \/>\n<meta property=\"article:publisher\" content=\"https:\/\/www.facebook.com\/bybrandio\/\" \/>\n<meta property=\"article:modified_time\" content=\"2022-04-18T13:01:02+00:00\" \/>\n<meta name=\"twitter:card\" content=\"summary_large_image\" \/>\n<meta name=\"twitter:site\" content=\"@bybrandio\" \/>\n<meta name=\"twitter:label1\" content=\"Est. tempo de leitura\" \/>\n\t<meta name=\"twitter:data1\" content=\"1 minuto\" \/>\n<script type=\"application\/ld+json\" class=\"yoast-schema-graph\">{\"@context\":\"https:\/\/schema.org\",\"@graph\":[{\"@type\":\"WebPage\",\"@id\":\"https:\/\/www.bybrand.io\/docs\/pt-br\/abrir-ticket\/\",\"url\":\"https:\/\/www.bybrand.io\/docs\/pt-br\/abrir-ticket\/\",\"name\":\"Abrir pedido de ajuda por e-mail - Bybrand\",\"isPartOf\":{\"@id\":\"https:\/\/www.bybrand.io\/docs\/#website\"},\"datePublished\":\"2019-09-28T23:23:29+00:00\",\"dateModified\":\"2022-04-18T13:01:02+00:00\",\"breadcrumb\":{\"@id\":\"https:\/\/www.bybrand.io\/docs\/pt-br\/abrir-ticket\/#breadcrumb\"},\"inLanguage\":\"pt-BR\",\"potentialAction\":[{\"@type\":\"ReadAction\",\"target\":[\"https:\/\/www.bybrand.io\/docs\/pt-br\/abrir-ticket\/\"]}]},{\"@type\":\"BreadcrumbList\",\"@id\":\"https:\/\/www.bybrand.io\/docs\/pt-br\/abrir-ticket\/#breadcrumb\",\"itemListElement\":[{\"@type\":\"ListItem\",\"position\":1,\"name\":\"Home\",\"item\":\"https:\/\/www.bybrand.io\/docs\/\"},{\"@type\":\"ListItem\",\"position\":2,\"name\":\"Abrir pedido de ajuda por e-mail\"}]},{\"@type\":\"WebSite\",\"@id\":\"https:\/\/www.bybrand.io\/docs\/#website\",\"url\":\"https:\/\/www.bybrand.io\/docs\/\",\"name\":\"Bybrand - Knowledge base\",\"description\":\"Business Email Signature Manager for IT Managers, and Marketers\",\"potentialAction\":[{\"@type\":\"SearchAction\",\"target\":{\"@type\":\"EntryPoint\",\"urlTemplate\":\"https:\/\/www.bybrand.io\/docs\/?s={search_term_string}\"},\"query-input\":{\"@type\":\"PropertyValueSpecification\",\"valueRequired\":true,\"valueName\":\"search_term_string\"}}],\"inLanguage\":\"pt-BR\"}]}<\/script>\n<!-- \/ Yoast SEO plugin. -->","yoast_head_json":{"title":"Abrir pedido de ajuda por e-mail - Bybrand","robots":{"index":"noindex","follow":"follow"},"og_locale":"pt_BR","og_type":"article","og_title":"Abrir pedido de ajuda por e-mail - Bybrand","og_description":"Se precisar de mais ajuda, n\u00e3o hesite em enviar uma solicita\u00e7\u00e3o de suporte \u00e0 nossa equipe de suporte. E-mail: help@bybrand.io Geralmente, respondemos em at\u00e9 4 horas.","og_url":"https:\/\/www.bybrand.io\/docs\/pt-br\/abrir-ticket\/","og_site_name":"Bybrand","article_publisher":"https:\/\/www.facebook.com\/bybrandio\/","article_modified_time":"2022-04-18T13:01:02+00:00","twitter_card":"summary_large_image","twitter_site":"@bybrandio","twitter_misc":{"Est. tempo de leitura":"1 minuto"},"schema":{"@context":"https:\/\/schema.org","@graph":[{"@type":"WebPage","@id":"https:\/\/www.bybrand.io\/docs\/pt-br\/abrir-ticket\/","url":"https:\/\/www.bybrand.io\/docs\/pt-br\/abrir-ticket\/","name":"Abrir pedido de ajuda por e-mail - Bybrand","isPartOf":{"@id":"https:\/\/www.bybrand.io\/docs\/#website"},"datePublished":"2019-09-28T23:23:29+00:00","dateModified":"2022-04-18T13:01:02+00:00","breadcrumb":{"@id":"https:\/\/www.bybrand.io\/docs\/pt-br\/abrir-ticket\/#breadcrumb"},"inLanguage":"pt-BR","potentialAction":[{"@type":"ReadAction","target":["https:\/\/www.bybrand.io\/docs\/pt-br\/abrir-ticket\/"]}]},{"@type":"BreadcrumbList","@id":"https:\/\/www.bybrand.io\/docs\/pt-br\/abrir-ticket\/#breadcrumb","itemListElement":[{"@type":"ListItem","position":1,"name":"Home","item":"https:\/\/www.bybrand.io\/docs\/"},{"@type":"ListItem","position":2,"name":"Abrir pedido de ajuda por e-mail"}]},{"@type":"WebSite","@id":"https:\/\/www.bybrand.io\/docs\/#website","url":"https:\/\/www.bybrand.io\/docs\/","name":"Bybrand - Knowledge base","description":"Business Email Signature Manager for IT Managers, and Marketers","potentialAction":[{"@type":"SearchAction","target":{"@type":"EntryPoint","urlTemplate":"https:\/\/www.bybrand.io\/docs\/?s={search_term_string}"},"query-input":{"@type":"PropertyValueSpecification","valueRequired":true,"valueName":"search_term_string"}}],"inLanguage":"pt-BR"}]}},"amp_enabled":true,"_links":{"self":[{"href":"https:\/\/www.bybrand.io\/docs\/pt-br\/wp-json\/wp\/v2\/pages\/524","targetHints":{"allow":["GET"]}}],"collection":[{"href":"https:\/\/www.bybrand.io\/docs\/pt-br\/wp-json\/wp\/v2\/pages"}],"about":[{"href":"https:\/\/www.bybrand.io\/docs\/pt-br\/wp-json\/wp\/v2\/types\/page"}],"author":[{"embeddable":true,"href":"https:\/\/www.bybrand.io\/docs\/pt-br\/wp-json\/wp\/v2\/users\/1"}],"replies":[{"embeddable":true,"href":"https:\/\/www.bybrand.io\/docs\/pt-br\/wp-json\/wp\/v2\/comments?post=524"}],"version-history":[{"count":6,"href":"https:\/\/www.bybrand.io\/docs\/pt-br\/wp-json\/wp\/v2\/pages\/524\/revisions"}],"predecessor-version":[{"id":3738,"href":"https:\/\/www.bybrand.io\/docs\/pt-br\/wp-json\/wp\/v2\/pages\/524\/revisions\/3738"}],"wp:attachment":[{"href":"https:\/\/www.bybrand.io\/docs\/pt-br\/wp-json\/wp\/v2\/media?parent=524"}],"curies":[{"name":"wp","href":"https:\/\/api.w.org\/{rel}","templated":true}]}}